{"id":2578,"date":"2018-07-31T10:09:59","date_gmt":"2018-07-31T07:09:59","guid":{"rendered":"https:\/\/arche.com.tr\/about-studio\/"},"modified":"2023-04-24T11:00:22","modified_gmt":"2023-04-24T08:00:22","slug":"about-us","status":"publish","type":"page","link":"https:\/\/arche.com.tr\/en\/about-us\/","title":{"rendered":"About us"},"content":{"rendered":"<div class=\"wpb-content-wrapper\"><div class=\"vc_row wpb_row vc_row-fluid\"><div class=\"wpb_column vc_column_container vc_col-sm-12\"><div class=\"vc_column-inner\"><div class=\"wpb_wrapper\"><div class=\"vc_empty_space baque_custom_64463716e2255\"   style=\"height: 80px\"><span class=\"vc_empty_space_inner\"><\/span><\/div>\r\n\t<div  class=\"wpb_single_image wpb_content_element vc_align_left baque_custom_64463716e225a\">\r\n\t\t\r\n\t\t<figure class=\"wpb_wrapper vc_figure\">\r\n\t\t\t<div class=\"vc_single_image-wrapper   vc_box_border_grey\"><figure><img loading=\"lazy\" decoding=\"async\" width=\"1920\" height=\"1080\" src=\"data:image\/svg+xml;charset=utf-8,%3Csvg%20xmlns%3D%27http%3A%2F%2Fwww.w3.org%2F2000%2Fsvg%27%20viewBox%3D%270%200%201920%201080%27%2F%3E\" class=\"vc_single_image-img attachment-full lazy\" alt=\"\" title=\"Ba\u015fl\u0131ks\u0131z-1\" data-src=\"https:\/\/arche.com.tr\/wp-content\/uploads\/2020\/07\/Ba\u015fl\u0131ks\u0131z-1-1.jpg\" data-srcset=\"https:\/\/arche.com.tr\/wp-content\/uploads\/2020\/07\/Ba\u015fl\u0131ks\u0131z-1-1.jpg 1920w, https:\/\/arche.com.tr\/wp-content\/uploads\/2020\/07\/Ba\u015fl\u0131ks\u0131z-1-1-1000x563.jpg 1000w, https:\/\/arche.com.tr\/wp-content\/uploads\/2020\/07\/Ba\u015fl\u0131ks\u0131z-1-1-300x169.jpg 300w, https:\/\/arche.com.tr\/wp-content\/uploads\/2020\/07\/Ba\u015fl\u0131ks\u0131z-1-1-1024x576.jpg 1024w, https:\/\/arche.com.tr\/wp-content\/uploads\/2020\/07\/Ba\u015fl\u0131ks\u0131z-1-1-768x432.jpg 768w, https:\/\/arche.com.tr\/wp-content\/uploads\/2020\/07\/Ba\u015fl\u0131ks\u0131z-1-1-1536x864.jpg 1536w\" data-sizes=\"(max-width: 1920px) 100vw, 1920px\" \/><\/figure><\/div>\r\n\t\t<\/figure>\r\n\t<\/div>\r\n<\/div><\/div><\/div><\/div><div data-vc-full-width=\"true\" data-vc-full-width-temp=\"true\" data-vc-full-width-init=\"false\" class=\"vc_row wpb_row vc_row-fluid vc_custom_1595940052516 baque_custom_64463716e225c vc_custom_1595940052516 vc_custom_1595940052516 vc_custom_1595940052518 vc_custom_1595940052520\"><div class=\"wpb_column vc_column_container vc_col-sm-12 baque_custom_64463716e225e vc_custom_1533111652927 vc_custom_1533111652927 vc_custom_1533111652951 vc_custom_1533111653032\"><div class=\"vc_column-inner vc_custom_1533111652927\"><div class=\"wpb_wrapper\">            <div class=\"baque-heading style4 align-left dark left   vc_custom_1679304075749 baque_custom_64463716e225f vc_custom_1679304075749 vc_custom_1679304075749 vc_custom_1679304075755 vc_custom_1679304075757 \">\r\n                                    <div class=\"title-inner\">\r\n                        <h4 class=\"baque-title\"\r\n                            >\r\n                            <span class=\"title\">ABOUT US<\/span>\r\n                                                    <\/h4>\r\n                    <\/div>\r\n                            <\/div>\r\n            \n\t<div class=\"wpb_text_column wpb_content_element baque_custom_64463716e2261 \" >\n\t\t<div class=\"wpb_wrapper\">\n\t\t\t<p>Our company that was founded in 2020, has made a significant development as one of the most important actors in the sector it is serving and producing thanks to its dynamic, experienced and continuously developing staff it has established<\/p>\n<p>Products that are developed with the latest technology and designed and manufactured with our professional staff ads value to many companies and brands. Our company making its investments and developments within the framework of advanced technology and innovations, continuously increases its resources and production quality and continues to create a professional line in its sector.<\/p>\n<p>With our production lines that have been perfectly designed in accordance with the structure of the wide range and areas we are serving at, our advanced technology machinery park and our professional staff we are targeting the best since years and are exceeding expectations with our services.<\/p>\n<p>With our philosophy of focusing on the product, we are continuing to ensure sustainable success with our customers, company and our business partners by working with our staff that is specialized in every product group.<\/p>\n<p>We thank you valuable customers who ensure that our company has gained a corporate identity in the production, marketing and technical service areas.<\/p>\n<p>We as Yeniler etiket, contribute in the growth of many companies and sectors by adding dynamism and innovation to many sectors through our products and services<\/p>\n\n\t\t<\/div>\n\t<\/div>\n<div class=\"vc_empty_space baque_custom_64463716e2263\"   style=\"height: 32px\"><span class=\"vc_empty_space_inner\"><\/span><\/div>            <div class=\"baque-heading style4 align-left dark left   vc_custom_1679304085161 baque_custom_64463716e2264 vc_custom_1679304085161 vc_custom_1679304085161 vc_custom_1679304085165 vc_custom_1679304085167 \">\r\n                                    <div class=\"title-inner\">\r\n                        <h4 class=\"baque-title\"\r\n                            >\r\n                            <span class=\"title\">OUR MISSION<\/span>\r\n                                                    <\/h4>\r\n                    <\/div>\r\n                            <\/div>\r\n            \n\t<div class=\"wpb_text_column wpb_content_element vc_custom_1682324065224 baque_custom_64463716e2266 vc_custom_1682324065224 vc_custom_1682324065224 \" >\n\t\t<div class=\"wpb_wrapper\">\n\t\t\t<p>Our mission is to continuously ensure development of our staff that is considered as the most important asset of the company and to make investment in company technology and infrastructure in line with these developments in order to offer the obtained value as quality services to our customers. Our mission is continuous renewal within the framework of these principles, to have the target to always look forward ad be open for development, to provide products and services with the same quality and importance to our countries industrial service all over Turkey.<br \/>\nYeniler Etiket targets to understand the needs of all its customers, to produce correct solutions and to offer satisfactory services that will last forever.<\/p>\n\n\t\t<\/div>\n\t<\/div>\n            <div class=\"baque-heading style4 align-left dark left   vc_custom_1679304107142 baque_custom_64463716e2267 vc_custom_1679304107142 vc_custom_1679304107142 vc_custom_1679304107147 vc_custom_1679304107149 \">\r\n                                    <div class=\"title-inner\">\r\n                        <h4 class=\"baque-title\"\r\n                            >\r\n                            <span class=\"title\">OUR VISION<\/span>\r\n                                                    <\/h4>\r\n                    <\/div>\r\n                            <\/div>\r\n            \n\t<div class=\"wpb_text_column wpb_content_element vc_custom_1679304116943 baque_custom_64463716e2269 vc_custom_1679304116943 vc_custom_1679304116943 vc_custom_1679304116951 \" >\n\t\t<div class=\"wpb_wrapper\">\n\t\t\t<p>Our vision is to become a leading group that emphasizes customer satisfaction without compromising on quality in order to make positive contribution on the community and the environment, to increase the targets with the success it obtains with its activities in order to provide services to wider audiences.<\/p>\n\n\t\t<\/div>\n\t<\/div>\n<\/div><\/div><\/div><\/div><div class=\"vc_row-full-width vc_clearfix\"><\/div>\n<\/div>","protected":false},"excerpt":{"rendered":"ABOUT US Our company that was founded in 2020, has made a significant development as one of the most important actors in the sector it is serving and producing thanks to its dynamic, experienced and continuously developing staff it has established Products that are developed with the latest technology and designed and manufactured with our [...]","protected":false},"author":2,"featured_media":0,"parent":0,"menu_order":0,"comment_status":"closed","ping_status":"closed","template":"templates\/fullwidth.php","meta":{"rs_blank_template":"","rs_page_bg_color":"#ffffff","slide_template_v7":"","footnotes":""},"class_list":["post-2578","page","type-page","status-publish","hentry"],"_links":{"self":[{"href":"https:\/\/arche.com.tr\/en\/wp-json\/wp\/v2\/pages\/2578","targetHints":{"allow":["GET"]}}],"collection":[{"href":"https:\/\/arche.com.tr\/en\/wp-json\/wp\/v2\/pages"}],"about":[{"href":"https:\/\/arche.com.tr\/en\/wp-json\/wp\/v2\/types\/page"}],"author":[{"embeddable":true,"href":"https:\/\/arche.com.tr\/en\/wp-json\/wp\/v2\/users\/2"}],"replies":[{"embeddable":true,"href":"https:\/\/arche.com.tr\/en\/wp-json\/wp\/v2\/comments?post=2578"}],"version-history":[{"count":4,"href":"https:\/\/arche.com.tr\/en\/wp-json\/wp\/v2\/pages\/2578\/revisions"}],"predecessor-version":[{"id":2633,"href":"https:\/\/arche.com.tr\/en\/wp-json\/wp\/v2\/pages\/2578\/revisions\/2633"}],"wp:attachment":[{"href":"https:\/\/arche.com.tr\/en\/wp-json\/wp\/v2\/media?parent=2578"}],"curies":[{"name":"wp","href":"https:\/\/api.w.org\/{rel}","templated":true}]}}