{"id":2597,"date":"2020-07-25T13:35:39","date_gmt":"2020-07-25T13:35:39","guid":{"rendered":"https:\/\/arche.com.tr\/urunler\/"},"modified":"2023-03-20T10:02:08","modified_gmt":"2023-03-20T10:02:08","slug":"products","status":"publish","type":"page","link":"https:\/\/arche.com.tr\/en\/products\/","title":{"rendered":"Products"},"content":{"rendered":"<div class=\"wpb-content-wrapper\"><div data-vc-full-width=\"true\" data-vc-full-width-temp=\"true\" data-vc-full-width-init=\"false\" data-vc-stretch-content=\"true\" class=\"vc_row wpb_row vc_row-fluid baque_custom_64182f2073c27\"><div class=\"wpb_column vc_column_container vc_col-sm-12\"><div class=\"vc_column-inner\"><div class=\"wpb_wrapper\"><div class=\"vc_empty_space baque_custom_64182f2073c2c\"   style=\"height: 200px\"><span class=\"vc_empty_space_inner\"><\/span><\/div>            <div class=\"baque-portfolio default center   baque_custom_64182f2073c2e \">\n                                    <div class=\"button-group filter-button-group \">\n                        <div class=\"filter-list\">\n                            <a href=\"#\" target=\"_self\" class=\"active\" data-filter=\"*\">Hepsi<\/a>\n\t                        \t\t                        <a target=\"_self\" href=\"#\" title=\"cardboard-labels\" data-filter=\".portfolio_category-cardboard-labels\">cardboard-labels<\/a><a target=\"_self\" href=\"#\" title=\"laser-labels\" data-filter=\".portfolio_category-laser-labels\">laser-labels<\/a><a target=\"_self\" href=\"#\" title=\"meto-labels\" data-filter=\".portfolio_category-meto-labels\">meto-labels<\/a><a target=\"_self\" href=\"#\" title=\"ribbons\" data-filter=\".portfolio_category-ribbons\">ribbons<\/a><a target=\"_self\" href=\"#\" title=\"unprinted-labels\" data-filter=\".portfolio_category-unprinted-labels\">unprinted-labels<\/a><a target=\"_self\" href=\"#\" title=\"washing-instructions\" data-filter=\".portfolio_category-washing-instructions\">washing-instructions<\/a>                        <\/div>\n                    <\/div>\n                \t\t\t\t                    <div class=\" baque-isotope portfolio-hover-style-1\"\n                            data-layout=\"fitRows\"\n\t\t\t\t\t\t                            data-cols=\"2\"\n\t\t\t\t\t\t>\n                                                    <article class=\"isotope-item portfolio-article portfolio-item post-2582 portfolio type-portfolio status-publish has-post-thumbnail hentry portfolio_category-meto-labels\">\n                                <div class=\"portfolio-inner  baque-tooltip\">\n                                                                            <div class=\"portfolio-thumb \">\n                                            <a href=\"https:\/\/arche.com.tr\/en\/portfolio\/meto-labels\/\">\n                                                <img loading=\"lazy\" decoding=\"async\" width=\"793\" height=\"793\" src=\"data:image\/svg+xml;charset=utf-8,%3Csvg%20xmlns%3D%27http%3A%2F%2Fwww.w3.org%2F2000%2Fsvg%27%20viewBox%3D%270%200%20793%20793%27%2F%3E\" class=\"img-responsive attachment-793x793 size-793x793 lazy\" alt=\"\" data-src=\"https:\/\/arche.com.tr\/wp-content\/uploads\/2020\/07\/Untitled-1-793x793.jpg\" \/>                                            <\/a>\n                                        <\/div>\n                                                                        <div class=\"portfolio-info baque-tooltip-inner\">\n                                        <div class=\"portfolio-wrap\">\n                                                    <h2 class=\"post-title\"><a target=\"_self\" href=\"https:\/\/arche.com.tr\/en\/portfolio\/meto-labels\/\">Meto Labels<\/a><\/h2>\n\t\t            <div class=\"categories\">\n                <a target=\"_self\" href=\"https:\/\/arche.com.tr\/en\/portfolio_category\/meto-labels\/\">Meto Labels<\/a>            <\/div>\n\t\t                                        <\/div>\n                                    <\/div>\n                                <\/div>\n                            <\/article>\n                                                    <article class=\"isotope-item portfolio-article portfolio-item post-2586 portfolio type-portfolio status-publish has-post-thumbnail hentry portfolio_category-washing-instructions\">\n                                <div class=\"portfolio-inner  baque-tooltip\">\n                                                                            <div class=\"portfolio-thumb \">\n                                            <a href=\"https:\/\/arche.com.tr\/en\/portfolio\/washing-instructions\/\">\n                                                <img loading=\"lazy\" decoding=\"async\" width=\"793\" height=\"793\" src=\"data:image\/svg+xml;charset=utf-8,%3Csvg%20xmlns%3D%27http%3A%2F%2Fwww.w3.org%2F2000%2Fsvg%27%20viewBox%3D%270%200%20793%20793%27%2F%3E\" class=\"img-responsive attachment-793x793 size-793x793 lazy\" alt=\"\" data-src=\"https:\/\/arche.com.tr\/wp-content\/uploads\/2020\/07\/YEN\u0130-793x793.jpg\" \/>                                            <\/a>\n                                        <\/div>\n                                                                        <div class=\"portfolio-info baque-tooltip-inner\">\n                                        <div class=\"portfolio-wrap\">\n                                                    <h2 class=\"post-title\"><a target=\"_self\" href=\"https:\/\/arche.com.tr\/en\/portfolio\/washing-instructions\/\">Washing Instructions<\/a><\/h2>\n\t\t            <div class=\"categories\">\n                <a target=\"_self\" href=\"https:\/\/arche.com.tr\/en\/portfolio_category\/washing-instructions\/\">Washing Instructions<\/a>            <\/div>\n\t\t                                        <\/div>\n                                    <\/div>\n                                <\/div>\n                            <\/article>\n                                                    <article class=\"isotope-item portfolio-article portfolio-item post-2588 portfolio type-portfolio status-publish has-post-thumbnail hentry portfolio_category-ribbons\">\n                                <div class=\"portfolio-inner  baque-tooltip\">\n                                                                            <div class=\"portfolio-thumb \">\n                                            <a href=\"https:\/\/arche.com.tr\/en\/portfolio\/ribbons\/\">\n                                                <img loading=\"lazy\" decoding=\"async\" width=\"793\" height=\"793\" src=\"data:image\/svg+xml;charset=utf-8,%3Csvg%20xmlns%3D%27http%3A%2F%2Fwww.w3.org%2F2000%2Fsvg%27%20viewBox%3D%270%200%20793%20793%27%2F%3E\" class=\"img-responsive attachment-793x793 size-793x793 lazy\" alt=\"\" data-src=\"https:\/\/arche.com.tr\/wp-content\/uploads\/2020\/07\/YEN\u0130_2-793x793.jpg\" \/>                                            <\/a>\n                                        <\/div>\n                                                                        <div class=\"portfolio-info baque-tooltip-inner\">\n                                        <div class=\"portfolio-wrap\">\n                                                    <h2 class=\"post-title\"><a target=\"_self\" href=\"https:\/\/arche.com.tr\/en\/portfolio\/ribbons\/\">Ribbons<\/a><\/h2>\n\t\t            <div class=\"categories\">\n                <a target=\"_self\" href=\"https:\/\/arche.com.tr\/en\/portfolio_category\/ribbons\/\">Ribbons<\/a>            <\/div>\n\t\t                                        <\/div>\n                                    <\/div>\n                                <\/div>\n                            <\/article>\n                                                    <article class=\"isotope-item portfolio-article portfolio-item post-2591 portfolio type-portfolio status-publish has-post-thumbnail hentry portfolio_category-cardboard-labels\">\n                                <div class=\"portfolio-inner  baque-tooltip\">\n                                                                            <div class=\"portfolio-thumb \">\n                                            <a href=\"https:\/\/arche.com.tr\/en\/portfolio\/cardboard-labels\/\">\n                                                <img loading=\"lazy\" decoding=\"async\" width=\"793\" height=\"793\" src=\"data:image\/svg+xml;charset=utf-8,%3Csvg%20xmlns%3D%27http%3A%2F%2Fwww.w3.org%2F2000%2Fsvg%27%20viewBox%3D%270%200%20793%20793%27%2F%3E\" class=\"img-responsive attachment-793x793 size-793x793 lazy\" alt=\"\" data-src=\"https:\/\/arche.com.tr\/wp-content\/uploads\/2020\/07\/Ba\u015fl\u0131ks\u0131z-1-1-793x793.jpg\" \/>                                            <\/a>\n                                        <\/div>\n                                                                        <div class=\"portfolio-info baque-tooltip-inner\">\n                                        <div class=\"portfolio-wrap\">\n                                                    <h2 class=\"post-title\"><a target=\"_self\" href=\"https:\/\/arche.com.tr\/en\/portfolio\/cardboard-labels\/\">Cardboard Labels<\/a><\/h2>\n\t\t            <div class=\"categories\">\n                <a target=\"_self\" href=\"https:\/\/arche.com.tr\/en\/portfolio_category\/cardboard-labels\/\">Cardboard Labels<\/a>            <\/div>\n\t\t                                        <\/div>\n                                    <\/div>\n                                <\/div>\n                            <\/article>\n                                                    <article class=\"isotope-item portfolio-article portfolio-item post-2593 portfolio type-portfolio status-publish has-post-thumbnail hentry portfolio_category-laser-labels\">\n                                <div class=\"portfolio-inner  baque-tooltip\">\n                                                                            <div class=\"portfolio-thumb \">\n                                            <a href=\"https:\/\/arche.com.tr\/en\/portfolio\/laser-labels\/\">\n                                                <img loading=\"lazy\" decoding=\"async\" width=\"793\" height=\"793\" src=\"data:image\/svg+xml;charset=utf-8,%3Csvg%20xmlns%3D%27http%3A%2F%2Fwww.w3.org%2F2000%2Fsvg%27%20viewBox%3D%270%200%20793%20793%27%2F%3E\" class=\"img-responsive attachment-793x793 size-793x793 lazy\" alt=\"\" data-src=\"https:\/\/arche.com.tr\/wp-content\/uploads\/2020\/07\/YEN\u0130_4-793x793.jpg\" \/>                                            <\/a>\n                                        <\/div>\n                                                                        <div class=\"portfolio-info baque-tooltip-inner\">\n                                        <div class=\"portfolio-wrap\">\n                                                    <h2 class=\"post-title\"><a target=\"_self\" href=\"https:\/\/arche.com.tr\/en\/portfolio\/laser-labels\/\">Laser Labels<\/a><\/h2>\n\t\t            <div class=\"categories\">\n                <a target=\"_self\" href=\"https:\/\/arche.com.tr\/en\/portfolio_category\/laser-labels\/\">Laser Labels<\/a>            <\/div>\n\t\t                                        <\/div>\n                                    <\/div>\n                                <\/div>\n                            <\/article>\n                                                    <article class=\"isotope-item portfolio-article portfolio-item post-2595 portfolio type-portfolio status-publish has-post-thumbnail hentry portfolio_category-unprinted-labels\">\n                                <div class=\"portfolio-inner  baque-tooltip\">\n                                                                            <div class=\"portfolio-thumb \">\n                                            <a href=\"https:\/\/arche.com.tr\/en\/portfolio\/unprinted-labels\/\">\n                                                <img loading=\"lazy\" decoding=\"async\" width=\"793\" height=\"793\" src=\"data:image\/svg+xml;charset=utf-8,%3Csvg%20xmlns%3D%27http%3A%2F%2Fwww.w3.org%2F2000%2Fsvg%27%20viewBox%3D%270%200%20793%20793%27%2F%3E\" class=\"img-responsive attachment-793x793 size-793x793 lazy\" alt=\"\" data-src=\"https:\/\/arche.com.tr\/wp-content\/uploads\/2018\/06\/yglabel_lazer_etiket-793x793.jpg\" \/>                                            <\/a>\n                                        <\/div>\n                                                                        <div class=\"portfolio-info baque-tooltip-inner\">\n                                        <div class=\"portfolio-wrap\">\n                                                    <h2 class=\"post-title\"><a target=\"_self\" href=\"https:\/\/arche.com.tr\/en\/portfolio\/unprinted-labels\/\">Unprinted Labels<\/a><\/h2>\n\t\t            <div class=\"categories\">\n                <a target=\"_self\" href=\"https:\/\/arche.com.tr\/en\/portfolio_category\/unprinted-labels\/\">Unprinted Labels<\/a>            <\/div>\n\t\t                                        <\/div>\n                                    <\/div>\n                                <\/div>\n                            <\/article>\n                                            <\/div>\n\t\t\t\t            <\/div>\n\t\t\t<\/div><\/div><\/div><\/div><div class=\"vc_row-full-width vc_clearfix\"><\/div>\n<\/div>","protected":false},"excerpt":{"rendered":"Velyum Label Velyum labels are a type of label printed with thermal transfer printing method, with a rough and porous surface. Due to the porous surface, printing with ribbon is more permanent and durable. Wax or wax \/ resin ribbon is used. It has a matt appearance. It is resistant to water, heat, humidity and [...]","protected":false},"author":2,"featured_media":0,"parent":0,"menu_order":0,"comment_status":"open","ping_status":"closed","template":"templates\/fullwidth.php","meta":{"rs_blank_template":"","rs_page_bg_color":"#ffffff","slide_template_v7":"","footnotes":""},"class_list":["post-2597","page","type-page","status-publish","hentry"],"_links":{"self":[{"href":"https:\/\/arche.com.tr\/en\/wp-json\/wp\/v2\/pages\/2597","targetHints":{"allow":["GET"]}}],"collection":[{"href":"https:\/\/arche.com.tr\/en\/wp-json\/wp\/v2\/pages"}],"about":[{"href":"https:\/\/arche.com.tr\/en\/wp-json\/wp\/v2\/types\/page"}],"author":[{"embeddable":true,"href":"https:\/\/arche.com.tr\/en\/wp-json\/wp\/v2\/users\/2"}],"replies":[{"embeddable":true,"href":"https:\/\/arche.com.tr\/en\/wp-json\/wp\/v2\/comments?post=2597"}],"version-history":[{"count":2,"href":"https:\/\/arche.com.tr\/en\/wp-json\/wp\/v2\/pages\/2597\/revisions"}],"predecessor-version":[{"id":2599,"href":"https:\/\/arche.com.tr\/en\/wp-json\/wp\/v2\/pages\/2597\/revisions\/2599"}],"wp:attachment":[{"href":"https:\/\/arche.com.tr\/en\/wp-json\/wp\/v2\/media?parent=2597"}],"curies":[{"name":"wp","href":"https:\/\/api.w.org\/{rel}","templated":true}]}}