{"id":2600,"date":"2018-08-01T04:15:13","date_gmt":"2018-08-01T01:15:13","guid":{"rendered":"https:\/\/arche.com.tr\/iletisim\/"},"modified":"2023-07-20T16:55:44","modified_gmt":"2023-07-20T13:55:44","slug":"contact","status":"publish","type":"page","link":"https:\/\/arche.com.tr\/en\/contact\/","title":{"rendered":"Contact"},"content":{"rendered":"<div class=\"wpb-content-wrapper\"><div class=\"vc_row wpb_row vc_row-fluid\"><div class=\"wpb_column vc_column_container vc_col-sm-12\"><div class=\"vc_column-inner\"><div class=\"wpb_wrapper\"><div class=\"vc_empty_space baque_custom_64b93ce076cc0\"   style=\"height: 200px\"><span class=\"vc_empty_space_inner\"><\/span><\/div><\/div><\/div><\/div><\/div><div class=\"vc_row wpb_row vc_row-fluid\"><div class=\"wpb_column vc_column_container vc_col-sm-6\"><div class=\"vc_column-inner\"><div class=\"wpb_wrapper\"><h2 style=\"font-size: 20px;line-height: 28px;text-align: left;font-family:Poppins;font-weight:500;font-style:normal\" class=\"vc_custom_heading vc_do_custom_heading vc_custom_1689861931963 baque_custom_64b93ce076cc4 vc_custom_1689861931963 vc_custom_1689861931963\" >ARCHE ET\u0130KET SANAY\u0130 VE T\u0130CARET ANON\u0130M \u015e\u0130RKET\u0130<\/h2>            <div class=\"baque-iconbox style5 dark align-center   vc_custom_1689861969435 baque_custom_64b93ce076cc6 vc_custom_1689861969435 vc_custom_1689861969435 vc_custom_1689861969445 \">\r\n                <div class=\"iconbox-inner\">\r\n                                            <div class=\"icon\"\r\n                            >\r\n                                                        <span class=\"flaticon-phone-call\"><\/span>\r\n                                                    <\/div>\r\n                                                                                    <div class=\"content\">\r\n                            Tel: (+90) 212 445 11 50 pbx<br \/>\nTel: (+90) 212 445 11 53<br \/>\nTel: (+90) 212 445 11 54<br \/>\nFax: (+90) 212 445 11 60<br \/>\nE-posta: info@archeetiket.com.tr                        <\/div>\r\n                                                        <\/div>\r\n            <\/div>\r\n                        <div class=\"baque-iconbox style5 dark align-center   vc_custom_1604511917851 baque_custom_64b93ce076cc8 vc_custom_1604511917851 vc_custom_1604511917851 vc_custom_1604511917860 \">\r\n                <div class=\"iconbox-inner\">\r\n                                            <div class=\"icon\"\r\n                            >\r\n                                                        <span class=\"flaticon-placeholder-outline\"><\/span>\r\n                                                    <\/div>\r\n                                                                                    <div class=\"content\">\r\n                            Mahmutbey Mah. Hac\u0131bostan Cad. No:20\/A Ba\u011fc\u0131lar - \u0130STANBUL                        <\/div>\r\n                                                        <\/div>\r\n            <\/div>\r\n                        <div class=\"baque-socials widget-socials style2 dark   baque_custom_64b93ce076cca \">\r\n                                    <h3 class=\"widgettitle\">\r\n                        <span class=\"title\">FOLLOW US<\/span>\r\n                    <\/h3>\r\n\t\t\t\t                <div class=\"content-socials\">\r\n\t\t\t\t\t                        <ul class=\"socials-list\">\r\n\t\t\t\t\t\t\t\t\t\t\t\t\t\t\t                                    <li>\r\n                                        <a href=\"https:\/\/www.instagram.com\/archeetiket\"\r\n                                           target=\"_blank\">\r\n                                            <i class=\"fa fa-instagram\"><\/i>\r\n\t\t\t\t\t\t\t\t\t\t\t<span class=\"text\">Instagram<\/span>\r\n                                        <\/a>\r\n                                    <\/li>\r\n\t\t\t\t\t\t\t\t\t\t\t\t\t\t\t\t\t\t\t\t\t\t\t                                    <li>\r\n                                        <a href=\"https:\/\/www.facebook.com\/archeetiket\"\r\n                                           target=\"_blank\">\r\n                                            <i class=\"fa fa-facebook\"><\/i>\r\n\t\t\t\t\t\t\t\t\t\t\t<span class=\"text\">Facebook<\/span>\r\n                                        <\/a>\r\n                                    <\/li>\r\n\t\t\t\t\t\t\t\t\t\t\t\t\t\t\t\t\t\t\t\t\t\t\t                                    <li>\r\n                                        <a href=\"#\"\r\n                                           target=\"_blank\">\r\n                                            <i class=\"fa fa-youtube-play\"><\/i>\r\n\t\t\t\t\t\t\t\t\t\t\t<span class=\"text\">Youtube<\/span>\r\n                                        <\/a>\r\n                                    <\/li>\r\n\t\t\t\t\t\t\t\t\t\t\t\t\t\t\t                        <\/ul>\r\n\t\t\t\t\t                <\/div>\r\n            <\/div>\r\n\t\t\t<div class=\"vc_empty_space baque_custom_64b93ce076ccb\"   style=\"height: 32px\"><span class=\"vc_empty_space_inner\"><\/span><\/div><div class=\"vc_empty_space baque_custom_64b93ce076ccc\"   style=\"height: 32px\"><span class=\"vc_empty_space_inner\"><\/span><\/div><\/div><\/div><\/div><div class=\"wpb_column vc_column_container vc_col-sm-6\"><div class=\"vc_column-inner\"><div class=\"wpb_wrapper\"><div class=\"wpb_gmaps_widget wpb_content_element baque_custom_64b93ce076cce \"><div class=\"wpb_wrapper\"><div class=\"wpb_map_wraper\"><iframe src=\"https:\/\/www.google.com\/maps\/embed?pb=!1m18!1m12!1m3!1d3008.440474842974!2d28.819190915706823!3d41.05936347929568!2m3!1f0!2f0!3f0!3m2!1i1024!2i768!4f13.1!3m3!1m2!1s0x14caa556d2cca58f%3A0x30dd5fc33be93d0a!2sarche%20etiket!5e0!3m2!1str!2str!4v1668715328001!5m2!1str!2str\" width=\"600\" height=\"450\" style=\"border:0;\" allowfullscreen=\"\" loading=\"lazy\" referrerpolicy=\"no-referrer-when-downgrade\"><\/iframe><\/div><\/div><\/div><\/div><\/div><\/div><\/div><div class=\"vc_row wpb_row vc_row-fluid\"><div class=\"wpb_column vc_column_container vc_col-sm-12\"><div class=\"vc_column-inner\"><div class=\"wpb_wrapper\"><div class=\"vc_empty_space baque_custom_64b93ce076cd0\"   style=\"height: 100px\"><span class=\"vc_empty_space_inner\"><\/span><\/div><\/div><\/div><\/div><\/div>\n<\/div>","protected":false},"excerpt":{"rendered":"ARCHE ET\u0130KET SANAY\u0130 VE T\u0130CARET ANON\u0130M \u015e\u0130RKET\u0130 Tel: (+90) 212 445 11 50 pbx Tel: (+90) 212 445 11 53 Tel: (+90) 212 445 11 54 Fax: (+90) 212 445 11 60 E-posta: info@archeetiket.com.tr Mahmutbey Mah. Hac\u0131bostan Cad. No:20\/A Ba\u011fc\u0131lar - \u0130STANBUL FOLLOW US Instagram Facebook Youtube","protected":false},"author":2,"featured_media":0,"parent":0,"menu_order":0,"comment_status":"closed","ping_status":"closed","template":"templates\/fullwidth.php","meta":{"rs_blank_template":"","rs_page_bg_color":"#ffffff","slide_template_v7":"","footnotes":""},"class_list":["post-2600","page","type-page","status-publish","hentry"],"_links":{"self":[{"href":"https:\/\/arche.com.tr\/en\/wp-json\/wp\/v2\/pages\/2600","targetHints":{"allow":["GET"]}}],"collection":[{"href":"https:\/\/arche.com.tr\/en\/wp-json\/wp\/v2\/pages"}],"about":[{"href":"https:\/\/arche.com.tr\/en\/wp-json\/wp\/v2\/types\/page"}],"author":[{"embeddable":true,"href":"https:\/\/arche.com.tr\/en\/wp-json\/wp\/v2\/users\/2"}],"replies":[{"embeddable":true,"href":"https:\/\/arche.com.tr\/en\/wp-json\/wp\/v2\/comments?post=2600"}],"version-history":[{"count":7,"href":"https:\/\/arche.com.tr\/en\/wp-json\/wp\/v2\/pages\/2600\/revisions"}],"predecessor-version":[{"id":2656,"href":"https:\/\/arche.com.tr\/en\/wp-json\/wp\/v2\/pages\/2600\/revisions\/2656"}],"wp:attachment":[{"href":"https:\/\/arche.com.tr\/en\/wp-json\/wp\/v2\/media?parent=2600"}],"curies":[{"name":"wp","href":"https:\/\/api.w.org\/{rel}","templated":true}]}}